{"id":1639,"date":"2022-02-11T16:37:58","date_gmt":"2022-02-11T15:37:58","guid":{"rendered":"https:\/\/www.microbrasseur.com\/blog\/?page_id=1639"},"modified":"2023-10-24T11:33:07","modified_gmt":"2023-10-24T09:33:07","slug":"convention-brewtools-comment-venir","status":"publish","type":"page","link":"https:\/\/www.microbrasseur.com\/blog\/convention-brewtools-chez-microbrasseur\/convention-brewtools-comment-venir\/","title":{"rendered":"Comment venir ?"},"content":{"rendered":"<p>[et_pb_section fb_built=\u00a0\u00bb1&Prime; _builder_version=\u00a0\u00bb4.16&Prime; _module_preset=\u00a0\u00bbdefault\u00a0\u00bb global_colors_info=\u00a0\u00bb{}\u00a0\u00bb][et_pb_row _builder_version=\u00a0\u00bb4.16&Prime; _module_preset=\u00a0\u00bbdefault\u00a0\u00bb global_colors_info=\u00a0\u00bb{}\u00a0\u00bb][et_pb_column type=\u00a0\u00bb4_4&Prime; _builder_version=\u00a0\u00bb4.16&Prime; _module_preset=\u00a0\u00bbdefault\u00a0\u00bb global_colors_info=\u00a0\u00bb{}\u00a0\u00bb][et_pb_image src=\u00a0\u00bbhttps:\/\/www.microbrasseur.com\/blog\/wp-content\/uploads\/2023\/10\/transport-convention-slider.jpg\u00a0\u00bb alt=\u00a0\u00bbtransport convention brewtools microbrasseru\u00a0\u00bb title_text=\u00a0\u00bbtransport convention slider\u00a0\u00bb _builder_version=\u00a0\u00bb4.21.0&Prime; _module_preset=\u00a0\u00bbdefault\u00a0\u00bb hover_enabled=\u00a0\u00bb0&Prime; global_colors_info=\u00a0\u00bb{}\u00a0\u00bb sticky_enabled=\u00a0\u00bb0&Prime; custom_margin=\u00a0\u00bb||34px|||\u00a0\u00bb][\/et_pb_image][et_pb_text _builder_version=\u00a0\u00bb4.21.0&Prime; _module_preset=\u00a0\u00bbdefault\u00a0\u00bb hover_enabled=\u00a0\u00bb0&Prime; global_colors_info=\u00a0\u00bb{}\u00a0\u00bb text_font=\u00a0\u00bbMontserrat||||||||\u00a0\u00bb sticky_enabled=\u00a0\u00bb0&Prime;]<\/p>\n<p>Cette deuxi\u00e8me \u00e9dition de la Convention Brewtools x Microbrasseur se tiendra <strong>dans locaux de Microbrasseur (chez L\u00e9on !) dans la charmante bourgade meusienne de Revigny-sur-Ornain \u00e0 proximit\u00e9 de Bar-le-Duc.<\/strong><\/p>\n<p>L&rsquo;adresse du jour (\u00e7a fait un peu mariage) : 15 rue de la Tresse &#8211; 55800 Revigny sur Ornain.<\/p>\n<p>Situ\u00e9e \u00e0 2h30 de Paris, Strasbourg, Dijon en voiture. Pour les adeptes du train, la gare Meuse TGV est \u00e0 40 minutes de l&rsquo;antre de L\u00e9on et permet un acc\u00e8s rapide et tout confort depuis le reste du monde : Paris &#8211; 1h, Bordeaux &#8211; 5h, Lille &#8211; 3h30, Lyon &#8211; 3h30. Des navettes desservent ensuite Bar-le-Duc o\u00f9 L\u00e9on se fera un plaisir de venir vous chercher, si n\u00e9cessaire !<\/p>\n<p>[\/et_pb_text][et_pb_image src=\u00a0\u00bbhttps:\/\/www.microbrasseur.com\/blog\/wp-content\/uploads\/2022\/02\/Carte-Revigny-sur-Ornain.jpg\u00a0\u00bb title_text=\u00a0\u00bbCarte Revigny sur Ornain\u00a0\u00bb _builder_version=\u00a0\u00bb4.16&Prime; _module_preset=\u00a0\u00bbdefault\u00a0\u00bb global_colors_info=\u00a0\u00bb{}\u00a0\u00bb][\/et_pb_image][\/et_pb_column][\/et_pb_row][\/et_pb_section]<\/p>\n","protected":false},"excerpt":{"rendered":"<p>Cette deuxi\u00e8me \u00e9dition de la Convention Brewtools x Microbrasseur se tiendra dans locaux de Microbrasseur (chez L\u00e9on !) dans la charmante bourgade meusienne de Revigny-sur-Ornain \u00e0 proximit\u00e9 de Bar-le-Duc. L&rsquo;adresse du jour (\u00e7a fait un peu mariage) : 15 rue de la Tresse &#8211; 55800 Revigny sur Ornain. Situ\u00e9e \u00e0 2h30 de Paris, Strasbourg, Dijon [&hellip;]<\/p>\n","protected":false},"author":3,"featured_media":0,"parent":1599,"menu_order":0,"comment_status":"closed","ping_status":"closed","template":"","meta":{"_et_pb_use_builder":"on","_et_pb_old_content":"","_et_gb_content_width":"","footnotes":""},"class_list":["post-1639","page","type-page","status-publish","hentry"],"_links":{"self":[{"href":"https:\/\/www.microbrasseur.com\/blog\/wp-json\/wp\/v2\/pages\/1639","targetHints":{"allow":["GET"]}}],"collection":[{"href":"https:\/\/www.microbrasseur.com\/blog\/wp-json\/wp\/v2\/pages"}],"about":[{"href":"https:\/\/www.microbrasseur.com\/blog\/wp-json\/wp\/v2\/types\/page"}],"author":[{"embeddable":true,"href":"https:\/\/www.microbrasseur.com\/blog\/wp-json\/wp\/v2\/users\/3"}],"replies":[{"embeddable":true,"href":"https:\/\/www.microbrasseur.com\/blog\/wp-json\/wp\/v2\/comments?post=1639"}],"version-history":[{"count":12,"href":"https:\/\/www.microbrasseur.com\/blog\/wp-json\/wp\/v2\/pages\/1639\/revisions"}],"predecessor-version":[{"id":2043,"href":"https:\/\/www.microbrasseur.com\/blog\/wp-json\/wp\/v2\/pages\/1639\/revisions\/2043"}],"up":[{"embeddable":true,"href":"https:\/\/www.microbrasseur.com\/blog\/wp-json\/wp\/v2\/pages\/1599"}],"wp:attachment":[{"href":"https:\/\/www.microbrasseur.com\/blog\/wp-json\/wp\/v2\/media?parent=1639"}],"curies":[{"name":"wp","href":"https:\/\/api.w.org\/{rel}","templated":true}]}}