{"id":1933,"date":"2023-04-01T14:48:14","date_gmt":"2023-04-01T12:48:14","guid":{"rendered":"https:\/\/www.microbrasseur.com\/blog\/?page_id=1933"},"modified":"2023-04-17T10:23:26","modified_gmt":"2023-04-17T08:23:26","slug":"ou-trouver-recette-biere","status":"publish","type":"page","link":"https:\/\/www.microbrasseur.com\/blog\/ou-trouver-recette-biere\/","title":{"rendered":"O\u00f9 trouver des recettes de bi\u00e8re ?"},"content":{"rendered":"<p>[et_pb_section fb_built=\u00a0\u00bb1&Prime; _builder_version=\u00a0\u00bb4.20.2&Prime; _module_preset=\u00a0\u00bbdefault\u00a0\u00bb global_colors_info=\u00a0\u00bb{}\u00a0\u00bb][et_pb_row _builder_version=\u00a0\u00bb4.20.2&Prime; _module_preset=\u00a0\u00bbdefault\u00a0\u00bb global_colors_info=\u00a0\u00bb{}\u00a0\u00bb][et_pb_column type=\u00a0\u00bb4_4&Prime; _builder_version=\u00a0\u00bb4.20.2&Prime; _module_preset=\u00a0\u00bbdefault\u00a0\u00bb global_colors_info=\u00a0\u00bb{}\u00a0\u00bb][et_pb_text _builder_version=\u00a0\u00bb4.20.2&Prime; _module_preset=\u00a0\u00bbdefault\u00a0\u00bb global_colors_info=\u00a0\u00bb{}\u00a0\u00bb]<\/p>\n<h1>O\u00f9 trouver des recettes de bi\u00e8re ?\u00a0<\/h1>\n<p>[\/et_pb_text][et_pb_text _builder_version=\u00a0\u00bb4.20.2&Prime; _module_preset=\u00a0\u00bbdefault\u00a0\u00bb global_colors_info=\u00a0\u00bb{}\u00a0\u00bb]<\/p>\n<p>Quand on fabrique sa bi\u00e8re maison \u00e0 partir de <a href=\"https:\/\/www.microbrasseur.com\/Kits-a-biere-maison-Kits-tout-grain-Brewolution.\">kits tout grain<\/a> depuis un moment, ceux-ci ont beau \u00eatre d&rsquo;excellente qualit\u00e9, il y a forc\u00e9ment un moment o\u00f9 l&rsquo;on souhaite voler de ses propres ailes et cr\u00e9er SA propre bi\u00e8re.<\/p>\n<p>Pour cela, une multitude de sites proposent des recettes que vous pourrez ajuster, corriger, am\u00e9liorer, en fonction de vos souhaits&#8230; Certains n\u00e9cessitent de se cr\u00e9er un compte, certains n\u00e9cessitent de ma\u00eetriser la langue de Shakespeare (au moins les mots hops, malts, gravity, mash, boil, watter, yeast&#8230;.), mais tous sont de merveilleuses sources gratuites sur lesquelles vous trouverez forc\u00e9ment votre bonheur.<\/p>\n<p>[\/et_pb_text][\/et_pb_column][\/et_pb_row][et_pb_row column_structure=\u00a0\u00bb1_3,2_3&Prime; _builder_version=\u00a0\u00bb4.20.2&Prime; _module_preset=\u00a0\u00bbdefault\u00a0\u00bb global_colors_info=\u00a0\u00bb{}\u00a0\u00bb][et_pb_column type=\u00a0\u00bb1_3&Prime; _builder_version=\u00a0\u00bb4.20.2&Prime; _module_preset=\u00a0\u00bbdefault\u00a0\u00bb global_colors_info=\u00a0\u00bb{}\u00a0\u00bb][et_pb_image src=\u00a0\u00bbhttps:\/\/www.microbrasseur.com\/blog\/wp-content\/uploads\/2023\/04\/LEON1.png\u00a0\u00bb title_text=\u00a0\u00bbLEON1&Prime; _builder_version=\u00a0\u00bb4.20.2&Prime; _module_preset=\u00a0\u00bbdefault\u00a0\u00bb global_colors_info=\u00a0\u00bb{}\u00a0\u00bb][\/et_pb_image][\/et_pb_column][et_pb_column type=\u00a0\u00bb2_3&Prime; _builder_version=\u00a0\u00bb4.20.2&Prime; _module_preset=\u00a0\u00bbdefault\u00a0\u00bb global_colors_info=\u00a0\u00bb{}\u00a0\u00bb][et_pb_text _builder_version=\u00a0\u00bb4.20.2&Prime; _module_preset=\u00a0\u00bbdefault\u00a0\u00bb global_colors_info=\u00a0\u00bb{}\u00a0\u00bb]<\/p>\n<p>Voici donc une liste, non exhaustive, des sites recommand\u00e9s par L\u00e9on pour quiconque cherche une bonne recette :<\/p>\n<ul>\n<li><a href=\"http:\/\/univers-biere.net\/mes_recettes.php\">La s\u00e9lection de recettes du c\u00e9l\u00e8bre blog Univers Bi\u00e8re<\/a><\/li>\n<li><a href=\"http:\/\/christian.seon.free.fr\/fabrication-biere\/fiches-recettes-biere\/\">Les recettes du site Christian.Seon.Free<\/a><\/li>\n<li><a href=\"http:\/\/www.brassageamateur.com\/forum\/forum7.html\">Le forum de brassageamateur.com<\/a><\/li>\n<li><a href=\"https:\/\/web.brewfather.app\/tabs\/community\">La communaut\u00e9 Brewfather<\/a><\/li>\n<li><a href=\"https:\/\/beersmithrecipes.com\/\">Les recettes du site Beersmithrecipes.com<\/a><\/li>\n<li><a href=\"https:\/\/www.littlebock.fr\/recettes-bieres\/\">Les recettes du site Littlebock.fr<\/a><\/li>\n<li><a href=\"https:\/\/beerrecipes.org\/\">Les recettes du site Beerrecipes.org<\/a><\/li>\n<\/ul>\n<p>[\/et_pb_text][\/et_pb_column][\/et_pb_row][\/et_pb_section]<\/p>\n","protected":false},"excerpt":{"rendered":"<p>O\u00f9 trouver des recettes de bi\u00e8re ?\u00a0Quand on fabrique sa bi\u00e8re maison \u00e0 partir de kits tout grain depuis un moment, ceux-ci ont beau \u00eatre d&rsquo;excellente qualit\u00e9, il y a forc\u00e9ment un moment o\u00f9 l&rsquo;on souhaite voler de ses propres ailes et cr\u00e9er SA propre bi\u00e8re. Pour cela, une multitude de sites proposent des recettes [&hellip;]<\/p>\n","protected":false},"author":3,"featured_media":0,"parent":0,"menu_order":0,"comment_status":"closed","ping_status":"closed","template":"","meta":{"_et_pb_use_builder":"on","_et_pb_old_content":"","_et_gb_content_width":"","footnotes":""},"class_list":["post-1933","page","type-page","status-publish","hentry"],"_links":{"self":[{"href":"https:\/\/www.microbrasseur.com\/blog\/wp-json\/wp\/v2\/pages\/1933","targetHints":{"allow":["GET"]}}],"collection":[{"href":"https:\/\/www.microbrasseur.com\/blog\/wp-json\/wp\/v2\/pages"}],"about":[{"href":"https:\/\/www.microbrasseur.com\/blog\/wp-json\/wp\/v2\/types\/page"}],"author":[{"embeddable":true,"href":"https:\/\/www.microbrasseur.com\/blog\/wp-json\/wp\/v2\/users\/3"}],"replies":[{"embeddable":true,"href":"https:\/\/www.microbrasseur.com\/blog\/wp-json\/wp\/v2\/comments?post=1933"}],"version-history":[{"count":11,"href":"https:\/\/www.microbrasseur.com\/blog\/wp-json\/wp\/v2\/pages\/1933\/revisions"}],"predecessor-version":[{"id":1960,"href":"https:\/\/www.microbrasseur.com\/blog\/wp-json\/wp\/v2\/pages\/1933\/revisions\/1960"}],"wp:attachment":[{"href":"https:\/\/www.microbrasseur.com\/blog\/wp-json\/wp\/v2\/media?parent=1933"}],"curies":[{"name":"wp","href":"https:\/\/api.w.org\/{rel}","templated":true}]}}