{"id":2191,"date":"2025-04-07T17:28:41","date_gmt":"2025-04-07T15:28:41","guid":{"rendered":"https:\/\/www.microbrasseur.com\/blog\/?page_id=2191"},"modified":"2025-04-08T16:18:16","modified_gmt":"2025-04-08T14:18:16","slug":"gestion-refroidissement-brewtools","status":"publish","type":"page","link":"https:\/\/www.microbrasseur.com\/blog\/gestion-refroidissement-brewtools\/","title":{"rendered":"Gestion refroidissement Brewtools"},"content":{"rendered":"<p>[et_pb_section fb_built=\u00a0\u00bb1&Prime; _builder_version=\u00a0\u00bb4.27.4&Prime; _module_preset=\u00a0\u00bbdefault\u00a0\u00bb global_colors_info=\u00a0\u00bb{}\u00a0\u00bb][et_pb_row _builder_version=\u00a0\u00bb4.27.4&Prime; _module_preset=\u00a0\u00bbdefault\u00a0\u00bb global_colors_info=\u00a0\u00bb{}\u00a0\u00bb][et_pb_column type=\u00a0\u00bb4_4&Prime; _builder_version=\u00a0\u00bb4.27.4&Prime; _module_preset=\u00a0\u00bbdefault\u00a0\u00bb global_colors_info=\u00a0\u00bb{}\u00a0\u00bb][et_pb_text _builder_version=\u00a0\u00bb4.27.4&Prime; _module_preset=\u00a0\u00bbdefault\u00a0\u00bb global_colors_info=\u00a0\u00bb{}\u00a0\u00bb]<\/p>\n<h1>Guide de gestion des temp\u00e9ratures des fermenteurs Brewtools<\/h1>\n<p>[\/et_pb_text][\/et_pb_column][\/et_pb_row][et_pb_row column_structure=\u00a0\u00bb1_2,1_2&Prime; _builder_version=\u00a0\u00bb4.27.4&Prime; _module_preset=\u00a0\u00bbdefault\u00a0\u00bb global_colors_info=\u00a0\u00bb{}\u00a0\u00bb][et_pb_column type=\u00a0\u00bb1_2&Prime; _builder_version=\u00a0\u00bb4.27.4&Prime; _module_preset=\u00a0\u00bbdefault\u00a0\u00bb global_colors_info=\u00a0\u00bb{}\u00a0\u00bb][et_pb_text _builder_version=\u00a0\u00bb4.27.4&Prime; _module_preset=\u00a0\u00bbdefault\u00a0\u00bb global_colors_info=\u00a0\u00bb{}\u00a0\u00bb]<\/p>\n<p>Vous trouverez, dans cette rubrique,\u00a0 un guide sur la fa\u00e7on de mettre en place un syst\u00e8me de refroidissement pour vos cuves de fermentation Brewtools. Deux possibilit\u00e9s : \u00a0un syst\u00e8me \u00e0 pompe unique destin\u00e9s aux fermenteurs de plus grande capacit\u00e9\u00a0 (bas\u00e9 notamment sur le groupe froid Lindr AS200 Brewtools ou un syst\u00e8me \u00ab une pompe par fermenteur \u00bb, bas\u00e9 sur le groupe foird Lindr AS80 Brewtools, destin\u00e9 aux fermenteurs de plus petite taille (maxi 4).<\/p>\n<p>La configuration via des pompes submersibles est facile \u00e0 r\u00e9aliser, soit via le mod\u00e8le Brewtools qui se connecte directement au Brewtools FCS ou bien via des pompes lambda pilot\u00e9es par, par exemple, des Inkbird.<\/p>\n<p>Nous allons donc d\u00e9tailler, ci-dessous, le circuit sur la base d&rsquo;un groupe monopompe et d&rsquo;\u00e9lectrovannes. Naturellement, cela n&rsquo;a que valeur d&rsquo;exemple.<\/p>\n<h1>Mod\u00e8le de circuit de refroidissement des fermenteurs Brewtools sur base Lindr AS200 Brewtools Edition<\/h1>\n<p>T\u00e9l\u00e9chargez <a href=\"https:\/\/www.microbrasseur.com\/blog\/wp-content\/uploads\/2025\/04\/schema-type-circuit-refroidissement-brewtools-lindr.pdf\" target=\"_blank\" rel=\"noopener\">le sch\u00e9ma complet en PDF via ce lien<\/a>.<\/p>\n<p>Pour le d\u00e9tail du pilotage du refroidissement via le Brewtools FCS, <a href=\"https:\/\/www.microbrasseur.com\/blog\/guide-utilisation-brewtools-fcs\/\" target=\"_blank\" rel=\"noopener\">cliquez sur ce lien<\/a>.<\/p>\n<p>[\/et_pb_text][\/et_pb_column][et_pb_column type=\u00a0\u00bb1_2&Prime; _builder_version=\u00a0\u00bb4.27.4&Prime; _module_preset=\u00a0\u00bbdefault\u00a0\u00bb global_colors_info=\u00a0\u00bb{}\u00a0\u00bb][et_pb_image src=\u00a0\u00bbhttps:\/\/www.microbrasseur.com\/blog\/wp-content\/uploads\/2025\/04\/Systeme-refroidissement-gestion-temperature-fermenteur-Brewtools.webp\u00a0\u00bb title_text=\u00a0\u00bbSyst\u00e8me refroidissement gestion temp\u00e9rature fermenteur Brewtools\u00a0\u00bb url=\u00a0\u00bbhttps:\/\/www.microbrasseur.com\/blog\/wp-content\/uploads\/2025\/04\/Systeme-refroidissement-gestion-temperature-fermenteur-Brewtools.webp\u00a0\u00bb url_new_window=\u00a0\u00bbon\u00a0\u00bb _builder_version=\u00a0\u00bb4.27.4&Prime; _module_preset=\u00a0\u00bbdefault\u00a0\u00bb global_colors_info=\u00a0\u00bb{}\u00a0\u00bb][\/et_pb_image][\/et_pb_column][\/et_pb_row][et_pb_row _builder_version=\u00a0\u00bb4.27.4&Prime; _module_preset=\u00a0\u00bbdefault\u00a0\u00bb global_colors_info=\u00a0\u00bb{}\u00a0\u00bb][et_pb_column type=\u00a0\u00bb4_4&Prime; _builder_version=\u00a0\u00bb4.27.4&Prime; _module_preset=\u00a0\u00bbdefault\u00a0\u00bb global_colors_info=\u00a0\u00bb{}\u00a0\u00bb][et_pb_text _builder_version=\u00a0\u00bb4.27.4&Prime; _module_preset=\u00a0\u00bbdefault\u00a0\u00bb global_colors_info=\u00a0\u00bb{}\u00a0\u00bb]<\/p>\n<h2>Refroidisseur Lindr AS 200 Brewtools Edition \/ Glycol<\/h2>\n<p>[\/et_pb_text][et_pb_text _builder_version=\u00a0\u00bb4.27.4&Prime; _module_preset=\u00a0\u00bbdefault\u00a0\u00bb global_colors_info=\u00a0\u00bb{}\u00a0\u00bb]<\/p>\n<p>Vous pouvez naturellement utiliser tout type de groupe froid glycol pour assurer la gestion de temp\u00e9rature de vos <a href=\"https:\/\/www.microbrasseur.com\/Materiel-Fermenteurs-Brewtools.\" target=\"_blank\" rel=\"noopener\">fermenteurs Brewtools<\/a>, n\u00e9anmoins le Lindr AS200 Brewtools pr\u00e9sente un excellent rapport qualit\u00e9 prix et est parfaitement dimensionn\u00e9 pour les installations standards. Il peut supporter jusqu&rsquo;\u00e0 6 fermenteurs Brewtools F150 (max 2 en cold crash simultan\u00e9) ou 3 F300 (max 2 en cold crash simultan\u00e9). Cliquez sur les photos pour davantage d&rsquo;infos sur les \u00e9l\u00e9ments.<\/p>\n<p>&nbsp;<\/p>\n<p>[\/et_pb_text][\/et_pb_column][\/et_pb_row][et_pb_row column_structure=\u00a0\u00bb1_2,1_2&Prime; _builder_version=\u00a0\u00bb4.27.4&Prime; _module_preset=\u00a0\u00bbdefault\u00a0\u00bb global_colors_info=\u00a0\u00bb{}\u00a0\u00bb][et_pb_column type=\u00a0\u00bb1_2&Prime; _builder_version=\u00a0\u00bb4.27.4&Prime; _module_preset=\u00a0\u00bbdefault\u00a0\u00bb global_colors_info=\u00a0\u00bb{}\u00a0\u00bb][et_pb_image src=\u00a0\u00bbhttps:\/\/www.microbrasseur.com\/blog\/wp-content\/uploads\/2025\/04\/Groupe-froid-Lindr-Brewtools-AS200-1.jpg\u00a0\u00bb alt=\u00a0\u00bbGroupe froid Lindr AS200 Brewtools Edition\u00a0\u00bb title_text=\u00a0\u00bbGroupe froid Lindr AS200 Brewtools Edition\u00a0\u00bb url=\u00a0\u00bbhttps:\/\/www.microbrasseur.com\/Materiel-Fermenteurs-Brewtools-Groupe-Froid-Brewtools-Lindr-AS-200.\u00a0\u00bb url_new_window=\u00a0\u00bbon\u00a0\u00bb _builder_version=\u00a0\u00bb4.27.4&Prime; _module_preset=\u00a0\u00bbdefault\u00a0\u00bb global_colors_info=\u00a0\u00bb{}\u00a0\u00bb][\/et_pb_image][\/et_pb_column][et_pb_column type=\u00a0\u00bb1_2&Prime; _builder_version=\u00a0\u00bb4.27.4&Prime; _module_preset=\u00a0\u00bbdefault\u00a0\u00bb global_colors_info=\u00a0\u00bb{}\u00a0\u00bb][et_pb_image src=\u00a0\u00bbhttps:\/\/www.microbrasseur.com\/blog\/wp-content\/uploads\/2025\/04\/Glycol-alimentaire.jpg\u00a0\u00bb alt=\u00a0\u00bbGlycol\u00a0\u00bb title_text=\u00a0\u00bbGlycol alimentaire\u00a0\u00bb url=\u00a0\u00bbhttps:\/\/www.microbrasseur.com\/Fermenteurs-a-biere-Groupes-Froid-Glycol-Alimentaire.\u00a0\u00bb url_new_window=\u00a0\u00bbon\u00a0\u00bb _builder_version=\u00a0\u00bb4.27.4&Prime; _module_preset=\u00a0\u00bbdefault\u00a0\u00bb global_colors_info=\u00a0\u00bb{}\u00a0\u00bb][\/et_pb_image][\/et_pb_column][\/et_pb_row][et_pb_row _builder_version=\u00a0\u00bb4.27.4&Prime; _module_preset=\u00a0\u00bbdefault\u00a0\u00bb][et_pb_column _builder_version=\u00a0\u00bb4.27.4&Prime; _module_preset=\u00a0\u00bbdefault\u00a0\u00bb type=\u00a0\u00bb4_4&Prime;][et_pb_text _builder_version=\u00a0\u00bb4.27.4&Prime; _module_preset=\u00a0\u00bbdefault\u00a0\u00bb hover_enabled=\u00a0\u00bb0&Prime; sticky_enabled=\u00a0\u00bb0&Prime;]<\/p>\n<h2>Circuit glycol fermenteurs Brewtools<\/h2>\n<p>[\/et_pb_text][et_pb_text _builder_version=\u00a0\u00bb4.27.4&Prime; _module_preset=\u00a0\u00bbdefault\u00a0\u00bb hover_enabled=\u00a0\u00bb0&Prime; sticky_enabled=\u00a0\u00bb0&Prime;]<\/p>\n<p>Pour la constitution du circuit glycol principal, nous vous conseillons d&rsquo;utiliser le Tuyau EVA-PE Python 12 x 18 mm \u00e0 partir duquel vous pourrez utiliser du tuyau EVA Python 8,5 x 14 mm pour distribuer chacun des fermenteurs. Leur isolation permet de r\u00e9duire les probl\u00e8mes de condensation et limite les d\u00e9perditions calorifiques. Placez une vanne (tube valve) pour contr\u00f4ler la contre-pression dans le circuit (elle ne devra jamais \u00eatre compl\u00e8tement ferm\u00e9e).<br \/>Pour r\u00e9aliser le circuit, il vous faudra :\u00a0<br \/>&#8211; <a href=\"https:\/\/www.microbrasseur.com\/Materiel-Pieces--Brewtools-TUYAU-EVA-PE-Python-12-x-18-mm.\" target=\"_blank\" rel=\"noopener\">Tuyau EVA+PE-python, 12 x 18 mm (longueur selon les distances)<\/a><br \/>&#8211; <a href=\"https:\/\/www.microbrasseur.com\/Materiel-Pieces--Brewtools-Tuyau-EVA-Python--85-x-14-mm.\" target=\"_blank\" rel=\"noopener\">Tuyau EVA Python 8,5 x 14 mm (longueur selon les distances)<\/a><br \/>&#8211; <a href=\"https:\/\/www.microbrasseur.com\/Materiel-Pieces--Brewtools-Tube-Tee-12mm-10mm.\" target=\"_blank\" rel=\"noopener\">T\u00e9 de tube 12 mm\/10 mm (2 pi\u00e8ces par fermenteur)<\/a><br \/>&#8211; <a href=\"https:\/\/www.microbrasseur.com\/Materiel-Pieces--Brewtools-Robinet-Tube-Valve-12-mm.\" target=\"_blank\" rel=\"noopener\">Valve de tube, 12 mm (1 pi\u00e8ce)<\/a><br \/>&#8211; <a href=\"https:\/\/www.microbrasseur.com\/Materiel-Pieces--Brewtools-Collier-Hose-Clamp-Brewtools.\" target=\"_blank\" rel=\"noopener\">Collier de serrage, 12-22mm<\/a> (4 pi\u00e8ces par fermenteur + 2 pi\u00e8ces pour la valve de tube)<\/p>\n<p>[\/et_pb_text][\/et_pb_column][\/et_pb_row][et_pb_row _builder_version=\u00a0\u00bb4.27.4&Prime; _module_preset=\u00a0\u00bbdefault\u00a0\u00bb][et_pb_column _builder_version=\u00a0\u00bb4.27.4&Prime; _module_preset=\u00a0\u00bbdefault\u00a0\u00bb type=\u00a0\u00bb4_4&Prime;][et_pb_text _builder_version=\u00a0\u00bb4.27.4&Prime; _module_preset=\u00a0\u00bbdefault\u00a0\u00bb hover_enabled=\u00a0\u00bb0&Prime; sticky_enabled=\u00a0\u00bb0&Prime;]<\/p>\n<h2>Connexion du circuit glycol aux fermenteurs Brewtools<\/h2>\n<p>[\/et_pb_text][et_pb_text _builder_version=\u00a0\u00bb4.27.4&Prime; _module_preset=\u00a0\u00bbdefault\u00a0\u00bb hover_enabled=\u00a0\u00bb0&Prime; sticky_enabled=\u00a0\u00bb0&Prime;]<\/p>\n<p>Pour connecter le<a href=\"https:\/\/www.microbrasseur.com\/Materiel-Pieces--Brewtools-Tuyau-EVA-Python--85-x-14-mm.\" target=\"_blank\" rel=\"noopener\"> tuyau EVA Python 8,5 x 14 mm<\/a> aux entr\u00e9es sorties des chemises glycol de vos fermenteurs, vous pouvez naturellement utiliser des <a href=\"https:\/\/www.microbrasseur.com\/Materiel-Pieces--Brewtools-Porte-tuyau-TC-34-mm-10-mm.\" target=\"_blank\" rel=\"noopener\">porte-tuyaux TC34 &#8211; 10 mm<\/a> ( ou autre diam\u00e8tre de sortie si vous utilisez d&rsquo;autres diam\u00e8tres de tube pour circuit glycol). n\u00e9anmoins cette solution pr\u00e9sente l\u2019inconv\u00e9nient d&rsquo;\u00eatre moins esth\u00e9tique et moins pratique \u00e0 l&rsquo;usage que d&rsquo;utiliser le syst\u00e8me de raccords rapides de Brewtools.<br \/>Il vous faudra alors :<br \/>&#8211; <a href=\"https:\/\/www.microbrasseur.com\/Materiel-Pieces--Brewtools-TC-34-vers-quick-connector-38-F-NPT.\" target=\"_blank\" rel=\"noopener\">TC34 mm \u00e0 3\/8&Prime; F-NPT<\/a> (2 pi\u00e8ces par fermenteur)<br \/>&#8211; <a href=\"https:\/\/www.microbrasseur.com\/Materiel-Pieces--Brewtools-Quick-Connector-F-a-38-NPT.\" target=\"_blank\" rel=\"noopener\">Connecteur rapide, femelle \u00e0 3\/8&Prime; NPT<\/a> (2 pi\u00e8ces par fermenteur)<br \/>&#8211; <a href=\"https:\/\/www.microbrasseur.com\/Materiel-Pieces--Brewtools-Connecteur-rapide-10-mm-38.\" target=\"_blank\" rel=\"noopener\">Connecteur rapide, coude M \u00e0 cannelure 10 mm<\/a> (2 pi\u00e8ces par fermenteur)<br \/>&#8211; <a href=\"https:\/\/www.microbrasseur.com\/Materiel-Pieces--Brewtools-Collier-Hose-Clamp-Brewtools.\" target=\"_blank\" rel=\"noopener\">Collier de serrage, 12-22 mm<\/a> (4 pi\u00e8ces par fermenteur)<br \/>&#8211; <a href=\"https:\/\/www.microbrasseur.com\/Materiel-Pieces--Brewtools-Valve-Solenoide-Tri-Clamp-34.\" target=\"_blank\" rel=\"noopener\">\u00c9lectrovanne, TC34 mm, NF, DC24V (1 \u200b\u200bpi\u00e8ce par fermenteur)<\/a><br \/>&#8211; <a href=\"https:\/\/www.microbrasseur.com\/Materiel-Pieces--Brewtools-Tri-Clamp-34-mm.\" target=\"_blank\" rel=\"noopener\">Tri Clamp 34<\/a> (2 pi\u00e8ces par r\u00e9servoir. 1 suppl\u00e9mentaire si vous utilisez une \u00e9lectrovanne)<br \/>&#8211; <a href=\"https:\/\/www.microbrasseur.com\/Materiel-Pieces--Brewtools-Joint-Tri-Clamp-34-mm.\" target=\"_blank\" rel=\"noopener\">Joints TC 34 DN20<\/a> (1 pi\u00e8ce par Tri Clamp)<\/p>\n<p>&nbsp;<\/p>\n<p>[\/et_pb_text][\/et_pb_column][\/et_pb_row][et_pb_row _builder_version=\u00a0\u00bb4.27.4&Prime; _module_preset=\u00a0\u00bbdefault\u00a0\u00bb][et_pb_column _builder_version=\u00a0\u00bb4.27.4&Prime; _module_preset=\u00a0\u00bbdefault\u00a0\u00bb type=\u00a0\u00bb4_4&Prime;][et_pb_text _builder_version=\u00a0\u00bb4.27.4&Prime; _module_preset=\u00a0\u00bbdefault\u00a0\u00bb hover_enabled=\u00a0\u00bb0&Prime; sticky_enabled=\u00a0\u00bb0&Prime;]<\/p>\n<h2>Pilotage du circuit de refroidissement des fermenteurs Brewtools : le Fermentation System Control (FCS Brewtools)<\/h2>\n<p>[\/et_pb_text][et_pb_text _builder_version=\u00a0\u00bb4.27.4&Prime; _module_preset=\u00a0\u00bbdefault\u00a0\u00bb hover_enabled=\u00a0\u00bb0&Prime; sticky_enabled=\u00a0\u00bb0&Prime;]<\/p>\n<p>Il existe de multiple mani\u00e8re de g\u00e9rer la temp\u00e9rature de fermentation de votre bi\u00e8re, mais pour nous le plus abouti est le <a href=\"https:\/\/www.microbrasseur.com\/blog\/guide-utilisation-brewtools-fcs\/\" target=\"_blank\" rel=\"noopener\">FCS Brewtools<\/a>. Quelque soit l&rsquo;option que vous retenez, n&rsquo;oubliez pas que votre fermenteur doit \u00eatre muni d&rsquo;un doigt de gant pour accueillir pour la sonde de temp\u00e9rature qui permettra de g\u00e9rer son refroidissement. Pour les Brewtools F150 et F300 optez pour <a href=\"https:\/\/www.microbrasseur.com\/Materiel-Pieces--Brewtools-Doigt-de-gant-TC-15-pouces.\" target=\"_blank\" rel=\"noopener\">la version Tri-clamp 1,5&Prime; de 160 mm de longueur<\/a>.<\/p>\n<p>[\/et_pb_text][\/et_pb_column][\/et_pb_row][\/et_pb_section]<\/p>\n","protected":false},"excerpt":{"rendered":"<p>Guide de gestion des temp\u00e9ratures des fermenteurs BrewtoolsVous trouverez, dans cette rubrique,\u00a0 un guide sur la fa\u00e7on de mettre en place un syst\u00e8me de refroidissement pour vos cuves de fermentation Brewtools. Deux possibilit\u00e9s : \u00a0un syst\u00e8me \u00e0 pompe unique destin\u00e9s aux fermenteurs de plus grande capacit\u00e9\u00a0 (bas\u00e9 notamment sur le groupe froid Lindr AS200 Brewtools [&hellip;]<\/p>\n","protected":false},"author":1,"featured_media":0,"parent":0,"menu_order":0,"comment_status":"closed","ping_status":"closed","template":"","meta":{"_et_pb_use_builder":"on","_et_pb_old_content":"","_et_gb_content_width":"","footnotes":""},"class_list":["post-2191","page","type-page","status-publish","hentry"],"_links":{"self":[{"href":"https:\/\/www.microbrasseur.com\/blog\/wp-json\/wp\/v2\/pages\/2191","targetHints":{"allow":["GET"]}}],"collection":[{"href":"https:\/\/www.microbrasseur.com\/blog\/wp-json\/wp\/v2\/pages"}],"about":[{"href":"https:\/\/www.microbrasseur.com\/blog\/wp-json\/wp\/v2\/types\/page"}],"author":[{"embeddable":true,"href":"https:\/\/www.microbrasseur.com\/blog\/wp-json\/wp\/v2\/users\/1"}],"replies":[{"embeddable":true,"href":"https:\/\/www.microbrasseur.com\/blog\/wp-json\/wp\/v2\/comments?post=2191"}],"version-history":[{"count":9,"href":"https:\/\/www.microbrasseur.com\/blog\/wp-json\/wp\/v2\/pages\/2191\/revisions"}],"predecessor-version":[{"id":2210,"href":"https:\/\/www.microbrasseur.com\/blog\/wp-json\/wp\/v2\/pages\/2191\/revisions\/2210"}],"wp:attachment":[{"href":"https:\/\/www.microbrasseur.com\/blog\/wp-json\/wp\/v2\/media?parent=2191"}],"curies":[{"name":"wp","href":"https:\/\/api.w.org\/{rel}","templated":true}]}}