{"id":2284,"date":"2025-09-05T07:45:19","date_gmt":"2025-09-05T05:45:19","guid":{"rendered":"https:\/\/www.microbrasseur.com\/blog\/?page_id=2284"},"modified":"2025-09-05T07:45:19","modified_gmt":"2025-09-05T05:45:19","slug":"guide-de-mise-en-oeuvre-du-capteur-de-densite-brewtools","status":"publish","type":"page","link":"https:\/\/www.microbrasseur.com\/blog\/guide-de-mise-en-oeuvre-du-capteur-de-densite-brewtools\/","title":{"rendered":"Guide de mise en oeuvre du capteur de densit\u00e9 Brewtools"},"content":{"rendered":"<h2><img loading=\"lazy\" decoding=\"async\" class=\"alignnone wp-image-2282 size-large\" src=\"https:\/\/www.microbrasseur.com\/blog\/wp-content\/uploads\/2025\/09\/Brewtools-sonde-controle-temperature-densite-TC-1-5-1024x1024.jpeg\" alt=\"\" width=\"1024\" height=\"1024\" srcset=\"https:\/\/www.microbrasseur.com\/blog\/wp-content\/uploads\/2025\/09\/Brewtools-sonde-controle-temperature-densite-TC-1-5-980x980.jpeg 980w, https:\/\/www.microbrasseur.com\/blog\/wp-content\/uploads\/2025\/09\/Brewtools-sonde-controle-temperature-densite-TC-1-5-480x480.jpeg 480w\" sizes=\"(min-width: 0px) and (max-width: 480px) 480px, (min-width: 481px) and (max-width: 980px) 980px, (min-width: 981px) 1024px, 100vw\" \/><\/h2>\n<h2>Principe de mesure<\/h2>\n<p>Le capteur de densit\u00e9 utilise le principe du diapason vibrant pour calculer la densit\u00e9 du liquide en fonction des variations mesur\u00e9es de la fr\u00e9quence de vibration du diapason immerg\u00e9. Lorsque le diapason vibre, la densit\u00e9 du fluide environnant affecte sa fr\u00e9quence de r\u00e9sonance ; plus le fluide est dense, plus la fr\u00e9quence est basse. Le capteur utilise ce d\u00e9calage de fr\u00e9quence pour calculer la densit\u00e9.<\/p>\n<p>Le principe de mesure utilis\u00e9 est couramment utilis\u00e9 dans des secteurs tels que la chimie, le p\u00e9trole et le gaz, ainsi que l&rsquo;agroalimentaire. Ces capteurs sont extr\u00eamement fiables gr\u00e2ce \u00e0 l&rsquo;absence de pi\u00e8ces mobiles.<\/p>\n<p>Le capteur mesure \u00e9galement la temp\u00e9rature avec un \u00e9l\u00e9ment PT1000 int\u00e9gr\u00e9 et utilise cette temp\u00e9rature dans le cadre de la compensation pour obtenir la meilleure pr\u00e9cision.<\/p>\n<p>Le capteur est disponible en diff\u00e9rentes longueurs selon le r\u00e9servoir dans lequel il sera install\u00e9. Assurez-vous de choisir le capteur adapt\u00e9 \u00e0 votre r\u00e9servoir. Le capteur doit \u00eatre ins\u00e9r\u00e9 \u00e0 au moins 100 mm de la paroi int\u00e9rieure.<\/p>\n<p>La pr\u00e9cision et les fonctionnalit\u00e9s peuvent varier en fonction du trouble, de la sant\u00e9 des levures, de leur floculation, des variations rapides de temp\u00e9rature, du houblonnage \u00e0 cru et autres ajouts, ainsi que de la distance par rapport aux parois de la cuve ou aux \u00e9l\u00e9ments chauffants, etc. La fermentation sous pression peut am\u00e9liorer la pr\u00e9cision. La pr\u00e9cision et les fonctionnalit\u00e9s s&rsquo;am\u00e9lioreront au fil du temps gr\u00e2ce aux mises \u00e0 jour logicielles.<\/p>\n<h2>Installation<\/h2>\n<p>Suivez ces \u00e9tapes simples pour assurer une installation correcte dans le r\u00e9servoir.<\/p>\n<h3>Alignement de la fourche<\/h3>\n<p>Utilisez les fl\u00e8ches sur le couvercle pour positionner la fourche du capteur verticalement afin d&rsquo;\u00e9viter que la levure ne se d\u00e9pose sur la fourche.<\/p>\n<p>L&rsquo;installation du capteur pointant vers le haut dans un r\u00e9servoir peut r\u00e9duire la pr\u00e9cision.<\/p>\n<h3>Dimensions du port TC<\/h3>\n<p>Les capteurs de densit\u00e9 n\u00e9cessitent un port TC de 1,5&Prime; avec un diam\u00e8tre int\u00e9rieur d&rsquo;au moins 25 mm.<\/p>\n<h3>Distance par rapport \u00e0 la paroi du r\u00e9servoir ou \u00e0 d&rsquo;autres \u00e9l\u00e9ments<\/h3>\n<p>La proximit\u00e9 du capteur avec les parois et d\u2019autres pi\u00e8ces du r\u00e9servoir peut affecter la pr\u00e9cision.<\/p>\n<h3>Force de serrage du joint et de la pince TC<\/h3>\n<p>Serrez fermement la pince TC et ne la serrez ni ne la desserrez apr\u00e8s l&rsquo;\u00e9talonnage, car cela pourrait affecter la mesure. Utilisez toujours des joints TC souples (\u00e9vitez le PTFE).<\/p>\n<h3>T\u00e9s et adaptateurs<\/h3>\n<p>Le capteur doit \u00eatre ins\u00e9r\u00e9 \u00e0 au moins 100 mm de la paroi int\u00e9rieure du r\u00e9servoir. Dans les r\u00e9servoirs \u00e0 double paroi isol\u00e9s ou avec des raccords en T ou des r\u00e9ductions TC, des capteurs \u00e0 tige plus longue sont g\u00e9n\u00e9ralement n\u00e9cessaires.<\/p>\n<h2>Connexion au FCS \u2013 Syst\u00e8me de contr\u00f4le de la fermentation<\/h2>\n<p>Connectez le capteur de densit\u00e9 \u00e0 un port de bus CAN disponible sur le FCS \u00e0 l&rsquo;aide d&rsquo;un c\u00e2ble \u00e0 5 broches.<\/p>\n<p>Depuis le menu d\u2019accueil, ouvrez l\u2019\u00e9cran des param\u00e8tres :<\/p>\n<ul>\n<li>D\u00e9finissez l\u2019unit\u00e9 souhait\u00e9e pour la mesure de la densit\u00e9 (page 2).<\/li>\n<li>Nous vous recommandons d&rsquo;utiliser les relev\u00e9s de temp\u00e9rature du capteur de densit\u00e9 (page 3).<\/li>\n<\/ul>\n<h2>\u00c9talonnage<\/h2>\n<p>Tous les capteurs de densit\u00e9 ont besoin d&rsquo;une r\u00e9f\u00e9rence d&rsquo;\u00e9talonnage pour pouvoir donner des lectures correctes. L&rsquo;\u00e9talonnage est rapide et peut \u00eatre effectu\u00e9 de deux mani\u00e8res diff\u00e9rentes.<\/p>\n<h3>Calibrage dans le mo\u00fbt apr\u00e8s remplissage de la cuve (m\u00e9thode recommand\u00e9e)<\/h3>\n<p>Mesurez la densit\u00e9 du mo\u00fbt avec un appareil Anton Paar Easy Dens ou similaire. Le calibrage s&rsquo;effectue directement en mode manuel ou via le profil de fermentation en appuyant sur la zone \u00ab D\u00e9finir OG \u00bb et en suivant les instructions \u00e0 l&rsquo;\u00e9cran. Vous d\u00e9finissez simultan\u00e9ment la densit\u00e9 initiale du lot, ce qui permet de compenser les calculs d&rsquo;alcool pendant la fermentation.<\/p>\n<h3>\u00c9talonnage dans l&rsquo;eau (1 000 SG)<\/h3>\n<p>Si vous ne disposez pas d&rsquo;appareils de mesure pr\u00e9cis, l&rsquo;\u00e9talonnage s&rsquo;effectue depuis la page 6 du menu des param\u00e8tres. Le bouton d&rsquo;\u00e9talonnage n&rsquo;est disponible que lorsque le capteur est connect\u00e9. Assurez-vous qu&rsquo;il n&rsquo;y a pas de bulles sur le capteur pendant l&rsquo;\u00e9talonnage dans l&rsquo;eau, car cela entra\u00eenerait un \u00e9talonnage incorrect ou un \u00e9chec.<\/p>\n<p>Si vous retirez le capteur du r\u00e9servoir pendant le nettoyage, un nouvel \u00e9talonnage est recommand\u00e9.<\/p>\n<p>L&rsquo;\u00e9talonnage doit \u00eatre effectu\u00e9 uniquement avec de l&rsquo;eau ou du mo\u00fbt avant le d\u00e9but de la fermentation.<\/p>\n<h2>Utilisation du capteur<\/h2>\n<p>Le capteur \u00e9met un son faible mais audible \u00e0 environ 1 kHz lors de la mesure. Les mesures durent quelques minutes toutes les heures. Vous pouvez modifier la fr\u00e9quence des mesures depuis le menu des param\u00e8tres.<\/p>\n<p>Pendant la fermentation, le FCS permet la saisie manuelle des densit\u00e9s mesur\u00e9es. Ces valeurs seront transmises au cloud et repr\u00e9sent\u00e9es sous forme de points sur les graphiques.<\/p>\n<p>Les \u00e9l\u00e9ments suivants peuvent affecter les lectures :<\/p>\n<ul>\n<li>Un pic de densit\u00e9 peut \u00eatre observ\u00e9 lorsque la fermentation d\u00e9marre.<\/li>\n<li>La pr\u00e9sence de bulles d&rsquo;air sur le capteur peut entra\u00eener des erreurs de mesure apr\u00e8s l&rsquo;ensemencement. La fermentation sous pression peut att\u00e9nuer ce probl\u00e8me.<\/li>\n<li>Une mauvaise sant\u00e9 des levures et une floculation importante peuvent entra\u00eener des r\u00e9sultats erron\u00e9s.<\/li>\n<li>Apr\u00e8s le houblonnage \u00e0 sec, les particules de houblon peuvent p\u00e9riodiquement provoquer des lectures instables.<\/li>\n<li>Lors d&rsquo;un choc thermique, la densit\u00e9 peut varier, mais \u00e0 ce stade, la fermentation est termin\u00e9e et le FG doit \u00eatre enregistr\u00e9.<\/li>\n<\/ul>\n<h2>Nettoyage et entretien<\/h2>\n<p>Le capteur peut rester \u00e0 l&rsquo;int\u00e9rieur du r\u00e9servoir pendant le nettoyage et la d\u00e9sinfection CIP. Il est d\u00e9conseill\u00e9 d&rsquo;exposer le capteur \u00e0 une temp\u00e9rature sup\u00e9rieure \u00e0 80 \u00b0C.<\/p>\n<p>La tige est en acier inoxydable (SS304) et r\u00e9siste aux agents de nettoyage alcalins normaux et aux liquides d\u00e9sinfectants \u00e0 base d&rsquo;acide utilis\u00e9s pour les cuves de fermentation.<\/p>\n<p>Le bo\u00eetier du capteur est en aluminium anodis\u00e9, un mat\u00e9riau vuln\u00e9rable \u00e0 la corrosion acide et aux produits de nettoyage caustiques, notamment en cas d&rsquo;exposition prolong\u00e9e ou de fortes concentrations. \u00c9viter l&rsquo;utilisation d&rsquo;acides forts et de solutions de nettoyage caustiques directement sur la surface pour \u00e9viter toute d\u00e9coloration.<\/p>\n<p>Ne pas immerger compl\u00e8tement le capteur de densit\u00e9 car le bo\u00eetier et la connexion \u00e9lectrique ne sont pas con\u00e7us pour cela.<\/p>\n<p>Pour \u00e9viter d&rsquo;endommager la fourche (extr\u00e9mit\u00e9 du capteur), utilisez le capuchon de protection fourni lors du stockage.<\/p>\n<h2>Foire aux Questions sur le capteur de densit\u00e9 Brewtools<\/h2>\n<h3>Le capteur n&rsquo;\u00e9met aucun son. Est-il cass\u00e9 ?<\/h3>\n<p>V\u00e9rifiez que le capteur est connect\u00e9 et qu&rsquo;il appara\u00eet sur la page des param\u00e8tres, qui r\u00e9pertorie tous les capteurs. Le capteur \u00e9met un son lors de la mesure, mais il ne mesure pas en continu, seulement par courtes p\u00e9riodes, jusqu&rsquo;\u00e0 5 minutes toutes les heures environ.<\/p>\n<h3>Le capteur peut-il \u00eatre mis \u00e0 jour ?<\/h3>\n<p>Oui, le capteur peut \u00eatre mis \u00e0 jour via le bus CAN lorsqu&rsquo;il est connect\u00e9 au FCS. Le syst\u00e8me vous avertira si une mise \u00e0 jour est disponible.<\/p>\n<h3>Que dois-je faire si la fourche est endommag\u00e9e ou pli\u00e9e ?<\/h3>\n<p>Si la fourche se plie, la lecture et la pr\u00e9cision seront affect\u00e9es. Repliez-la d\u00e9licatement pour que les dents soient parall\u00e8les et effectuez un \u00e9talonnage.<\/p>\n<h3>Puis-je utiliser le capteur dans mon port de rayonnage ?<\/h3>\n<p>Oui, mais l&rsquo;installation dans le port de rack peut affecter la pr\u00e9cision des lectures et entra\u00eener des probl\u00e8mes si la levure recouvre le capteur.<\/p>\n<h3>Le capteur fonctionnera-t-il avec le MiniUni+ ?<\/h3>\n<p>Oui. Nous recommandons de le placer dans le port inf\u00e9rieur. En cas d&rsquo;utilisation avec notre \u00e9l\u00e9ment chauffant TC 1,5&Prime;, il est important d&rsquo;installer l&rsquo;\u00e9l\u00e9ment chauffant dans le port inf\u00e9rieur et le capteur de densit\u00e9 dans le port sup\u00e9rieur.<\/p>\n<h3>Mon capteur a des traces de pierre \u00e0 bi\u00e8re, que dois-je faire ?<\/h3>\n<p>Utilisez des produits nettoyants sp\u00e9cifiques pour \u00e9liminer les d\u00e9p\u00f4ts de bi\u00e8re. Vous pouvez \u00e9galement suivre ces \u00e9tapes simples :<\/p>\n<ol>\n<li>Rincer \u00e0 l\u2019eau \u00e0 temp\u00e9rature ambiante pour \u00e9liminer les d\u00e9bris.<\/li>\n<li>Plongez la tige et la fourche dans de l&rsquo;acide phosphorique, par exemple, \u00e0 une temp\u00e9rature maximale de 60 \u00b0C pendant 15 \u00e0 30 minutes pour dissoudre chimiquement le sel (par exemple, le carbonate de calcium ou le magn\u00e9sium).<\/li>\n<li>Plongez la tige et la fourche dans un nettoyant alcalin non caustique (par exemple PBW) pendant 15 \u00e0 30 minutes pour \u00e9liminer les r\u00e9sidus organiques tels que les prot\u00e9ines et le biofilm et neutraliser les acides.<\/li>\n<li>Rincez \u00e0 l&rsquo;eau \u00e0 temp\u00e9rature ambiante pour vous assurer que l&rsquo;acide et les agents nettoyants sont bien rinc\u00e9s.<\/li>\n<\/ol>\n<h3>Mes \u00e9chantillons manuels ne correspondent pas \u00e0 ce que mesure le capteur, que puis-je faire ?<\/h3>\n<p>Cela peut \u00eatre d\u00fb \u00e0 un manque de liquide au-dessus du capteur. Nous recommandons 20 cm de liquide au-dessus du capteur. Une l\u00e9g\u00e8re surpression de 0,5 bar (7 PSI) \u00e9liminera la formation de bulles de CO\u2082 sur la tige. Si la levure est en mauvaise sant\u00e9, une floculation importante et des levures qui coulent peuvent se d\u00e9poser sur le capteur, entra\u00eenant des mesures erron\u00e9es.<\/p>\n<h3>Puis-je d\u00e9placer le capteur d&rsquo;un r\u00e9servoir \u00e0 un autre ?<\/h3>\n<p>Oui, assurez-vous simplement de le recalibrer au d\u00e9but de chaque lot.<\/p>\n<h3>Le capteur est livr\u00e9 avec une protection en plastique, \u00e0 quoi \u00e7a sert ?<\/h3>\n<p>Le capuchon en plastique prot\u00e8ge la fourche des dommages pendant le transport ou le stockage. Retirez-le avant l&rsquo;installation et remettez-le en place pendant le stockage.<\/p>\n<h3>Puis-je connecter le capteur \u00e0 un PLC sans utiliser le FCS ?<\/h3>\n<p>Nous envisageons d&rsquo;utiliser nos capteurs et actionneurs CAN avec d&rsquo;autres syst\u00e8mes. Restez connect\u00e9s.<\/p>\n","protected":false},"excerpt":{"rendered":"<p>Principe de mesure Le capteur de densit\u00e9 utilise le principe du diapason vibrant pour calculer la densit\u00e9 du liquide en fonction des variations mesur\u00e9es de la fr\u00e9quence de vibration du diapason immerg\u00e9. Lorsque le diapason vibre, la densit\u00e9 du fluide environnant affecte sa fr\u00e9quence de r\u00e9sonance ; plus le fluide est dense, plus la fr\u00e9quence [&hellip;]<\/p>\n","protected":false},"author":1,"featured_media":0,"parent":0,"menu_order":0,"comment_status":"closed","ping_status":"closed","template":"","meta":{"_et_pb_use_builder":"","_et_pb_old_content":"","_et_gb_content_width":"","footnotes":""},"class_list":["post-2284","page","type-page","status-publish","hentry"],"_links":{"self":[{"href":"https:\/\/www.microbrasseur.com\/blog\/wp-json\/wp\/v2\/pages\/2284","targetHints":{"allow":["GET"]}}],"collection":[{"href":"https:\/\/www.microbrasseur.com\/blog\/wp-json\/wp\/v2\/pages"}],"about":[{"href":"https:\/\/www.microbrasseur.com\/blog\/wp-json\/wp\/v2\/types\/page"}],"author":[{"embeddable":true,"href":"https:\/\/www.microbrasseur.com\/blog\/wp-json\/wp\/v2\/users\/1"}],"replies":[{"embeddable":true,"href":"https:\/\/www.microbrasseur.com\/blog\/wp-json\/wp\/v2\/comments?post=2284"}],"version-history":[{"count":2,"href":"https:\/\/www.microbrasseur.com\/blog\/wp-json\/wp\/v2\/pages\/2284\/revisions"}],"predecessor-version":[{"id":2286,"href":"https:\/\/www.microbrasseur.com\/blog\/wp-json\/wp\/v2\/pages\/2284\/revisions\/2286"}],"wp:attachment":[{"href":"https:\/\/www.microbrasseur.com\/blog\/wp-json\/wp\/v2\/media?parent=2284"}],"curies":[{"name":"wp","href":"https:\/\/api.w.org\/{rel}","templated":true}]}}