{"id":72,"date":"2017-09-29T14:11:16","date_gmt":"2017-09-29T12:11:16","guid":{"rendered":"https:\/\/www.microbrasseur.com\/blog\/?page_id=72"},"modified":"2018-02-09T14:12:12","modified_gmt":"2018-02-09T13:12:12","slug":"faire-sa-biere-avec-un-kit-extrait-de-malt","status":"publish","type":"page","link":"https:\/\/www.microbrasseur.com\/blog\/faire-sa-biere-avec-un-kit-extrait-de-malt\/","title":{"rendered":"Les kits bi\u00e8re extrait de malt"},"content":{"rendered":"<p>[et_pb_section bb_built=\u00a0\u00bb1&Prime;][et_pb_row][et_pb_column type=\u00a0\u00bb4_4&Prime;][et_pb_text _builder_version=\u00a0\u00bb3.0.75&Prime; background_layout=\u00a0\u00bblight\u00a0\u00bb border_style=\u00a0\u00bbsolid\u00a0\u00bb]<\/p>\n<h1>Faire sa bi\u00e8re avec un kit bi\u00e8re extrait de malt<\/h1>\n<p>Peut-\u00eatre vous a-t-on offert ce premier kit bi\u00e8re, ou bien alors c&rsquo;est la passion de ceux qui fabriquent leur bi\u00e8re maison qui vous a converti. Une chose est sure, vous vous demandez un peu par o\u00f9 commencer, que faire de la grosse bo\u00eete de conserve, comment utiliser le seau &#8230; ?<\/p>\n<p>L\u00e9on s&rsquo;est lui est aussi pos\u00e9 toutes ses questions ( et d&rsquo;ailleurs, malgr\u00e9 son exp\u00e9rience (longue au vu de son cr\u00e2ne d\u00e9garni) il s&rsquo;en pose encore plein d&rsquo;autres ! ). Pour limiter vos angoisses et vous permettre de d\u00e9guster \u00e0 coup s\u00fbr une bi\u00e8re dont vous serez fie(\u00e8)r(e), il a r\u00e9pertori\u00e9 ses interrogations dans des petits tutos.<\/p>\n<p>[\/et_pb_text][\/et_pb_column][\/et_pb_row][et_pb_row _builder_version=\u00a0\u00bb3.0.75&Prime;][et_pb_column type=\u00a0\u00bb4_4&Prime;][et_pb_accordion _builder_version=\u00a0\u00bb3.0.75&Prime; border_style=\u00a0\u00bbsolid\u00a0\u00bb] [et_pb_accordion_item _builder_version=\u00a0\u00bb3.0.75&Prime; title=\u00a0\u00bbChoisir un kit bi\u00e8re\u00a0\u00bb use_background_color_gradient=\u00a0\u00bboff\u00a0\u00bb background_color_gradient_start=\u00a0\u00bb#2b87da\u00a0\u00bb background_color_gradient_end=\u00a0\u00bb#29c4a9&Prime; background_color_gradient_type=\u00a0\u00bblinear\u00a0\u00bb background_color_gradient_direction=\u00a0\u00bb180deg\u00a0\u00bb background_color_gradient_direction_radial=\u00a0\u00bbcenter\u00a0\u00bb background_color_gradient_start_position=\u00a0\u00bb0%\u00a0\u00bb background_color_gradient_end_position=\u00a0\u00bb100%\u00a0\u00bb parallax=\u00a0\u00bboff\u00a0\u00bb parallax_method=\u00a0\u00bbon\u00a0\u00bb background_size=\u00a0\u00bbcover\u00a0\u00bb background_position=\u00a0\u00bbcenter\u00a0\u00bb background_repeat=\u00a0\u00bbno-repeat\u00a0\u00bb background_blend=\u00a0\u00bbnormal\u00a0\u00bb allow_player_pause=\u00a0\u00bboff\u00a0\u00bb text_orientation=\u00a0\u00bbleft\u00a0\u00bb module_alignment=\u00a0\u00bbleft\u00a0\u00bb]<\/p>\n<p>&nbsp;<\/p>\n<p>Les crit\u00e8res de choix d&rsquo;un kit extrait de malt pour la fabrication de bi\u00e8re maison sont nombreux. Parmi ceux, qui doivent \u00eatre pris en compte deux semblent, \u00e0 l&rsquo;exp\u00e9rience, importants \u00e0 L\u00e9on :<\/p>\n<p><a href=\"https:\/\/www.microbrasseur.com\/blog\/les-differents-styles-de-bieres\/\">Le style de bi\u00e8re que vous aimez<\/a><\/p>\n<p>La quantit\u00e9 de bi\u00e8re maison que vous voulez fabriquer<\/p>\n<p>&nbsp;<\/p>\n<p>&nbsp;<\/p>\n<p>&nbsp;<\/p>\n<p>[\/et_pb_accordion_item][et_pb_accordion_item _builder_version=\u00a0\u00bb3.0.75&Prime; title=\u00a0\u00bbComment utiliser un kit bi\u00e8re extrait de malt\u00a0\u00bb use_background_color_gradient=\u00a0\u00bboff\u00a0\u00bb background_color_gradient_start=\u00a0\u00bb#2b87da\u00a0\u00bb background_color_gradient_end=\u00a0\u00bb#29c4a9&Prime; background_color_gradient_type=\u00a0\u00bblinear\u00a0\u00bb background_color_gradient_direction=\u00a0\u00bb180deg\u00a0\u00bb background_color_gradient_direction_radial=\u00a0\u00bbcenter\u00a0\u00bb background_color_gradient_start_position=\u00a0\u00bb0%\u00a0\u00bb background_color_gradient_end_position=\u00a0\u00bb100%\u00a0\u00bb parallax=\u00a0\u00bboff\u00a0\u00bb parallax_method=\u00a0\u00bbon\u00a0\u00bb background_size=\u00a0\u00bbcover\u00a0\u00bb background_position=\u00a0\u00bbcenter\u00a0\u00bb background_repeat=\u00a0\u00bbno-repeat\u00a0\u00bb background_blend=\u00a0\u00bbnormal\u00a0\u00bb allow_player_pause=\u00a0\u00bboff\u00a0\u00bb text_orientation=\u00a0\u00bbleft\u00a0\u00bb module_alignment=\u00a0\u00bbleft\u00a0\u00bb]<\/p>\n<p>&nbsp;<\/p>\n<p>&nbsp;<\/p>\n<p>Un kit bi\u00e8re d\u00e9signe \u00e0 la fois la bo\u00eete de conserve qui regroupe les ingr\u00e9dients pour faire sa bi\u00e8re maison, mais aussi les ensembles d\u2019accessoires qui servent \u00e0 fabriquer sa bi\u00e8re maison. Pas facile de s&rsquo;y retrouver quand on d\u00e9marre. Sans compter que les notices de pr\u00e9paration des recettes ne sont pas toujours explicites. A partir de ses aventures et m\u00e9saventures de d\u00e9butant, L\u00e9on vous propose des tutos qui vous guident pas \u00e0 pas.<\/p>\n<p><a href=\"https:\/\/www.microbrasseur.com\/blog\/un-kit-biere-special-debutant-pas-a-pas\/\">Mon premier kit : exemple du kit Microbrewer<\/a><\/p>\n<p><a href=\"https:\/\/www.microbrasseur.com\/blog\/comment-brasser-un-kit-biere-coopers-notice-fabrication\/\">Brasser un kit bi\u00e8re Coopers<\/a><\/p>\n<p><a href=\"https:\/\/www.microbrasseur.com\/blog\/fabriquer-sa-biere-avec-un-kit-mangrove-jacks-jack-notice\/\">Brasser un kit bi\u00e8re Mangrove Jack&rsquo;s<\/a><\/p>\n<p>[\/et_pb_accordion_item][et_pb_accordion_item _builder_version=\u00a0\u00bb3.0.75&Prime; title=\u00a0\u00bbQuel mat\u00e9riel pour brasser un kit bi\u00e8re \u00e0 la maison?\u00a0\u00bb use_background_color_gradient=\u00a0\u00bboff\u00a0\u00bb background_color_gradient_start=\u00a0\u00bb#2b87da\u00a0\u00bb background_color_gradient_end=\u00a0\u00bb#29c4a9&Prime; background_color_gradient_type=\u00a0\u00bblinear\u00a0\u00bb background_color_gradient_direction=\u00a0\u00bb180deg\u00a0\u00bb background_color_gradient_direction_radial=\u00a0\u00bbcenter\u00a0\u00bb background_color_gradient_start_position=\u00a0\u00bb0%\u00a0\u00bb background_color_gradient_end_position=\u00a0\u00bb100%\u00a0\u00bb parallax=\u00a0\u00bboff\u00a0\u00bb parallax_method=\u00a0\u00bbon\u00a0\u00bb background_size=\u00a0\u00bbcover\u00a0\u00bb background_position=\u00a0\u00bbcenter\u00a0\u00bb background_repeat=\u00a0\u00bbno-repeat\u00a0\u00bb background_blend=\u00a0\u00bbnormal\u00a0\u00bb allow_player_pause=\u00a0\u00bboff\u00a0\u00bb text_orientation=\u00a0\u00bbleft\u00a0\u00bb module_alignment=\u00a0\u00bbleft\u00a0\u00bb]<\/p>\n<p>Pour fabriquer sa premi\u00e8re bi\u00e8re \u00e0 partir d&rsquo;un kit extrait malt, L\u00e9on avait employ\u00e9 des bouteilles \u00e0 bouchon m\u00e9canique qu&rsquo;il poss\u00e9dait. Pour le reste, il n&rsquo;avait achet\u00e9 que quelques accessoires et notamment l&rsquo;indispensable seau de fermentation, employ\u00e9 une partie du matos de cuisine de la famille L\u00e9on (et squatt\u00e9 la cuisine), et surtout respect\u00e9 les instructions de nettoyage et d\u00e9sinfection de son mat\u00e9riel avant emploi.<\/p>\n<p><a href=\"https:\/\/www.microbrasseur.com\/blog\/nettoyage-et-desinfection-incontournables-pour-une-biere-maison-reussie\/\">Nettoyage et d\u00e9sinfection : les deux mamelles de la bi\u00e8re maison r\u00e9ussie<\/a><\/p>\n<p><a href=\"https:\/\/www.microbrasseur.com\/blog\/seau-de-brassage-fermentation-indispensable-pour-fabriquer-sa-biere-maison\/\">Le seau de brassage ou seau de fermentation : indispensable<\/a><\/p>\n<p><a href=\"https:\/\/www.microbrasseur.com\/blog\/comment-organiser-pour-brasser-fabriquer-sa-biere-maison\/\">La cuisine, antre des premi\u00e8res exp\u00e9riences de brassage amateur<\/a><\/p>\n<p>&nbsp;<\/p>\n<p>&nbsp;<\/p>\n<p>&nbsp;<\/p>\n<p>&nbsp;<\/p>\n<p>[\/et_pb_accordion_item]<\/p>\n<p>[\/et_pb_accordion][\/et_pb_column][\/et_pb_row][\/et_pb_section]<\/p>\n","protected":false},"excerpt":{"rendered":"<p><div class=\"et_pb_row et_pb_row_0 et_pb_row_empty\">\n\t\t\t\t\n\t\t\t\t\n\t\t\t\t\n\t\t\t\t\n\t\t\t\t\n\t\t\t<\/div> Faire sa bi\u00e8re avec un kit bi\u00e8re extrait de malt Peut-\u00eatre vous a-t-on offert ce premier kit bi\u00e8re, ou bien alors c&rsquo;est la passion de ceux qui fabriquent leur bi\u00e8re maison qui vous a converti. Une chose est sure, vous vous demandez un peu par o\u00f9 commencer, que faire de la grosse bo\u00eete de [&hellip;]<\/p>\n","protected":false},"author":1,"featured_media":0,"parent":0,"menu_order":0,"comment_status":"closed","ping_status":"closed","template":"","meta":{"_et_pb_use_builder":"on","_et_pb_old_content":"","_et_gb_content_width":"","footnotes":""},"class_list":["post-72","page","type-page","status-publish","hentry"],"_links":{"self":[{"href":"https:\/\/www.microbrasseur.com\/blog\/wp-json\/wp\/v2\/pages\/72","targetHints":{"allow":["GET"]}}],"collection":[{"href":"https:\/\/www.microbrasseur.com\/blog\/wp-json\/wp\/v2\/pages"}],"about":[{"href":"https:\/\/www.microbrasseur.com\/blog\/wp-json\/wp\/v2\/types\/page"}],"author":[{"embeddable":true,"href":"https:\/\/www.microbrasseur.com\/blog\/wp-json\/wp\/v2\/users\/1"}],"replies":[{"embeddable":true,"href":"https:\/\/www.microbrasseur.com\/blog\/wp-json\/wp\/v2\/comments?post=72"}],"version-history":[{"count":13,"href":"https:\/\/www.microbrasseur.com\/blog\/wp-json\/wp\/v2\/pages\/72\/revisions"}],"predecessor-version":[{"id":318,"href":"https:\/\/www.microbrasseur.com\/blog\/wp-json\/wp\/v2\/pages\/72\/revisions\/318"}],"wp:attachment":[{"href":"https:\/\/www.microbrasseur.com\/blog\/wp-json\/wp\/v2\/media?parent=72"}],"curies":[{"name":"wp","href":"https:\/\/api.w.org\/{rel}","templated":true}]}}